{"id":2318,"date":"2019-12-30T20:16:35","date_gmt":"2019-12-30T20:16:35","guid":{"rendered":"http:\/\/afa.mvilamajo.opalstacked.com\/?page_id=2318"},"modified":"2020-02-19T14:06:29","modified_gmt":"2020-02-19T14:06:29","slug":"comite-cientifico","status":"publish","type":"page","link":"http:\/\/rafa2020.fisica.org.ar\/?page_id=2318","title":{"rendered":"Comit\u00e9 Cient\u00edfico"},"content":{"rendered":"<p style=\"padding-left: 40px;\">Jorge Sanchez (Coordinador) &#8211; Filial C\u00f3rdoba<br \/>\nRoberto Zysler &#8211; Filial Bariloche<br \/>\nClaudio Iemmi &#8211; Filial UBA<br \/>\nCecilia Cormick &#8211; Filial C\u00f3rdoba<br \/>\nLuc\u00eda Scaffardi &#8211; Filial La Plata<br \/>\nRa\u00fal Lopez &#8211; Filial San Luis<br \/>\nMario C. G. Passeggi (h) &#8211; Filial Santa Fe<br \/>\nMarisa Frechero &#8211; Filial Sur<br \/>\nGabriela Simonelli &#8211; Filial Tucum\u00e1n<\/p>\n","protected":false},"excerpt":{"rendered":"<p>Jorge Sanchez (Coordinador) &#8211; Filial C\u00f3rdoba Roberto Zysler &#8211; Filial Bariloche Claudio Iemmi &#8211; Filial UBA Cecilia Cormick &#8211; Filial C\u00f3rdoba Luc\u00eda Scaffardi &#8211; Filial La Plata Ra\u00fal Lopez &#8211; Filial San Luis Mario C. G. Passeggi (h) &#8211; Filial Santa Fe Marisa Frechero &#8211; Filial Sur Gabriela Simonelli &#8211; Filial Tucum\u00e1n<\/p>\n","protected":false},"author":6,"featured_media":0,"parent":2313,"menu_order":0,"comment_status":"closed","ping_status":"closed","template":"","meta":[],"_links":{"self":[{"href":"http:\/\/rafa2020.fisica.org.ar\/index.php?rest_route=\/wp\/v2\/pages\/2318"}],"collection":[{"href":"http:\/\/rafa2020.fisica.org.ar\/index.php?rest_route=\/wp\/v2\/pages"}],"about":[{"href":"http:\/\/rafa2020.fisica.org.ar\/index.php?rest_route=\/wp\/v2\/types\/page"}],"author":[{"embeddable":true,"href":"http:\/\/rafa2020.fisica.org.ar\/index.php?rest_route=\/wp\/v2\/users\/6"}],"replies":[{"embeddable":true,"href":"http:\/\/rafa2020.fisica.org.ar\/index.php?rest_route=%2Fwp%2Fv2%2Fcomments&post=2318"}],"version-history":[{"count":6,"href":"http:\/\/rafa2020.fisica.org.ar\/index.php?rest_route=\/wp\/v2\/pages\/2318\/revisions"}],"predecessor-version":[{"id":2397,"href":"http:\/\/rafa2020.fisica.org.ar\/index.php?rest_route=\/wp\/v2\/pages\/2318\/revisions\/2397"}],"up":[{"embeddable":true,"href":"http:\/\/rafa2020.fisica.org.ar\/index.php?rest_route=\/wp\/v2\/pages\/2313"}],"wp:attachment":[{"href":"http:\/\/rafa2020.fisica.org.ar\/index.php?rest_route=%2Fwp%2Fv2%2Fmedia&parent=2318"}],"curies":[{"name":"wp","href":"https:\/\/api.w.org\/{rel}","templated":true}]}}