{"id":2633,"date":"2020-07-17T00:58:05","date_gmt":"2020-07-17T00:58:05","guid":{"rendered":"http:\/\/afa.mvilamajo.opalstacked.com\/?page_id=2633"},"modified":"2020-07-17T00:58:05","modified_gmt":"2020-07-17T00:58:05","slug":"reglamento-del-premio-luis-masperi","status":"publish","type":"page","link":"http:\/\/rafa2020.fisica.org.ar\/?page_id=2633","title":{"rendered":"Reglamento del Premio Luis M\u00e1speri"},"content":{"rendered":"<p>La Asociaci\u00f3n F\u00edsica Argentina (AFA), ha instituido el premio Luis M\u00e1speri para Trabajos Finales (Tesinas) de Licenciatura en F\u00edsica, presentados como trabajos murales (poster) durante la Reuni\u00f3n Anual.<\/p>\n<h4>Bases del concurso<\/h4>\n<p style=\"padding-left: 40px;\">&#8211; Podr\u00e1n participar en el concurso por el Premio M\u00e1speri, Licenciados en F\u00edsica cuyo Trabajo Final haya sido defendido en el per\u00edodo comprendido entre el 1 de julio del a\u00f1o anterior a la reuni\u00f3n y el 30 de junio inclusive del a\u00f1o de la reuni\u00f3n donde se presenta; y que realicen una contribuci\u00f3n mural (poster) en la misma, donde sean primer autor del trabajo.<\/p>\n<p style=\"padding-left: 40px;\">&#8211; Ser\u00e1n evaluados por un Jurado, formado por 3 integrantes titulares y tres suplentes, instituido a tal efecto por la Comisi\u00f3n Directiva de la AFA.<\/p>\n<p style=\"padding-left: 40px;\">&#8211; La evaluaci\u00f3n del trabajo se llevar\u00e1 a cabo durante el desarrollo de la reuni\u00f3n, mediante una breve exposici\u00f3n del mismo en la(s) sesi\u00f3n(es) de posters. De esta comunicaci\u00f3n se observar\u00e1 con particular \u00e9nfasis la claridad en cuanto a sus objetivos y contenidos cient\u00edficos.<\/p>\n<p style=\"padding-left: 40px;\">&#8211; Al autor del trabajo que reciba el primer premio, la Asociaci\u00f3n le otorgar\u00e1 inscripci\u00f3n, pasaje y estad\u00eda para la siguiente reuni\u00f3n y la posibilidad de publicar el trabajo correspondiente en los Anales de la AFA eximidos del pago del costo de publicaci\u00f3n. De ser aprobado el art\u00edculo luego de su evaluaci\u00f3n por referees, el mismo ser\u00e1 publicado en los Anales de la AFA con expl\u00edcita menci\u00f3n en la revista de su car\u00e1cter de <em>\u201ctrabajo Premio Masperi\u201d<\/em>.<\/p>\n","protected":false},"excerpt":{"rendered":"<p>La Asociaci\u00f3n F\u00edsica Argentina (AFA), ha instituido el premio Luis M\u00e1speri para Trabajos Finales (Tesinas) de Licenciatura en F\u00edsica, presentados como trabajos murales (poster) durante la Reuni\u00f3n Anual. Bases del concurso &#8211; Podr\u00e1n participar en el concurso por el Premio M\u00e1speri, Licenciados en F\u00edsica cuyo Trabajo Final haya sido defendido en el per\u00edodo comprendido entre<a class=\"moretag\" href=\"http:\/\/rafa2020.fisica.org.ar\/?page_id=2633\"><span class=\"screen-reader-text\">Read more about Reglamento del Premio Luis M\u00e1speri<\/span>[&#8230;]<\/a><\/p>\n","protected":false},"author":6,"featured_media":0,"parent":2571,"menu_order":0,"comment_status":"closed","ping_status":"closed","template":"","meta":[],"_links":{"self":[{"href":"http:\/\/rafa2020.fisica.org.ar\/index.php?rest_route=\/wp\/v2\/pages\/2633"}],"collection":[{"href":"http:\/\/rafa2020.fisica.org.ar\/index.php?rest_route=\/wp\/v2\/pages"}],"about":[{"href":"http:\/\/rafa2020.fisica.org.ar\/index.php?rest_route=\/wp\/v2\/types\/page"}],"author":[{"embeddable":true,"href":"http:\/\/rafa2020.fisica.org.ar\/index.php?rest_route=\/wp\/v2\/users\/6"}],"replies":[{"embeddable":true,"href":"http:\/\/rafa2020.fisica.org.ar\/index.php?rest_route=%2Fwp%2Fv2%2Fcomments&post=2633"}],"version-history":[{"count":1,"href":"http:\/\/rafa2020.fisica.org.ar\/index.php?rest_route=\/wp\/v2\/pages\/2633\/revisions"}],"predecessor-version":[{"id":2635,"href":"http:\/\/rafa2020.fisica.org.ar\/index.php?rest_route=\/wp\/v2\/pages\/2633\/revisions\/2635"}],"up":[{"embeddable":true,"href":"http:\/\/rafa2020.fisica.org.ar\/index.php?rest_route=\/wp\/v2\/pages\/2571"}],"wp:attachment":[{"href":"http:\/\/rafa2020.fisica.org.ar\/index.php?rest_route=%2Fwp%2Fv2%2Fmedia&parent=2633"}],"curies":[{"name":"wp","href":"https:\/\/api.w.org\/{rel}","templated":true}]}}